{"id":163,"date":"2011-07-05T21:32:42","date_gmt":"2011-07-05T19:32:42","guid":{"rendered":"https:\/\/mhsradstadt.wordpress.com\/impressum\/"},"modified":"2013-09-08T14:41:31","modified_gmt":"2013-09-08T12:41:31","slug":"impressum","status":"publish","type":"page","link":"https:\/\/nms-radstadt.salzburg.at\/blog\/impressum\/","title":{"rendered":"Impressum"},"content":{"rendered":"<p>nach \u00a7 5 Abs. 1 ECG<\/p>\n<table border=\"0\" frame=\"void\" rules=\"none\" cellspacing=\"10\" align=\"center\">\n<tbody>\n<tr>\n<td>Schulname:<\/td>\n<td>Paul Hofhaimer MHS\/HS Radstadt<\/td>\n<\/tr>\n<tr>\n<td>Postleitzahl, Ort:<\/td>\n<td>5550 Radstadt<\/td>\n<\/tr>\n<tr>\n<td>Stra\u00dfe, Hausnummer:<\/td>\n<td>Schulstra\u00dfe 3<\/td>\n<\/tr>\n<tr>\n<td>E-Mail Adresse:<\/td>\n<td><a href=\"mailto:direktion@mhs-radstadt.salzburg.at\">direktion@mhs-radstadt.at<\/a><\/td>\n<\/tr>\n<tr>\n<td>Telefon:<\/td>\n<td>+43 6452 4336<\/td>\n<\/tr>\n<tr>\n<td>Telefax:<\/td>\n<td>+43 6452 7082<\/td>\n<\/tr>\n<tr>\n<td>Schultr\u00e4ger\/Schulerhalter:<\/td>\n<td>Stadtgemeinde Radstadt<br \/>\nStadtplatz 17<br \/>\n5550 Radstadt<\/td>\n<\/tr>\n<tr>\n<td>Schulleitung:<\/td>\n<td>Mag. Ingrid Bogensperger, SchulleiterinPhilipp Stangl BEd., Schulleiterstellvertreter<\/td>\n<\/tr>\n<tr>\n<td>Aufsichtsbeh\u00f6rde:<\/td>\n<td>Landesschulrat f\u00fcr Salzburg<br \/>\n5010 Salzburg<br \/>\nPostfach 530<br \/>\nMozartplatz 10Land Salzburg<br \/>\nAmt der Salzburger Landesregierung<br \/>\nAbteilung 2: Bildung5010 Salzburg<br \/>\nPostfach 527<br \/>\nMozartplatz 8<\/td>\n<\/tr>\n<\/tbody>\n<\/table>\n<p>&nbsp;<\/p>\n<p>&nbsp;<\/p>\n<p>&nbsp;<\/p>\n<p><strong>Legal Statement &amp; Copyright<\/strong><\/p>\n<p>&nbsp;<\/p>\n<p>Der gesamte Inhalt der\u00a0<strong>Musikhauptschule Radstadt<\/strong>\u00a0Website ist urheberrechtlich gesch\u00fctzt (alle Rechte vorbehalten).<\/p>\n<p>Das (vollst\u00e4ndige oder teilweise) Reproduzieren, \u00dcbermitteln (elektronisch oder mit anderen Mitteln), Modifizieren, Verkn\u00fcpfen oder Benutzen der Website f\u00fcr \u00f6ffentliche oder kommerzielle Zwecke ist ohne vorherige schriftliche Zustimmung der\u00a0<strong>Musikhauptschule Radstadt<\/strong>\u00a0untersagt.<\/p>\n<p>F\u00fcr die Richtigkeit der \u00fcber die Website verbreiteten Informationen und Ansichten wird keine Gew\u00e4hr geleistet, weder ausdr\u00fccklich noch impliziert. In keinem Fall, Fahrl\u00e4ssigkeit uneingeschr\u00e4nkt eingeschlossen, haftet die\u00a0<strong>Musikhauptschule Radstadt<\/strong>\u00a0f\u00fcr Verluste oder Sch\u00e4den irgendwelcher Art. Diese Website enth\u00e4lt Links zu anderen Websites f\u00fcr deren Inhalt seitens der\u00a0<strong>Musikhauptschule Radstadt<\/strong>\u00a0keine Haftung \u00fcbernommen wird. Zum Zeitpunkt der Einbettung (08.09.2011) waren die Inhalte unbedenklich.<\/p>\n","protected":false},"excerpt":{"rendered":"<p>nach \u00a7 5 Abs. 1 ECG Schulname: Paul Hofhaimer MHS\/HS Radstadt Postleitzahl, Ort: 5550 Radstadt Stra\u00dfe, Hausnummer: Schulstra\u00dfe 3 E-Mail Adresse: direktion@mhs-radstadt.at Telefon: +43 6452 4336 Telefax: +43 6452 7082 Schultr\u00e4ger\/Schulerhalter: Stadtgemeinde Radstadt Stadtplatz 17 5550 Radstadt Schulleitung: Mag. Ingrid Bogensperger, SchulleiterinPhilipp Stangl BEd., Schulleiterstellvertreter Aufsichtsbeh\u00f6rde: Landesschulrat f\u00fcr Salzburg 5010 Salzburg Postfach 530 Mozartplatz 10Land [&hellip;]<\/p>\n","protected":false},"author":1,"featured_media":0,"parent":0,"menu_order":0,"comment_status":"open","ping_status":"closed","template":"","meta":{"footnotes":""},"class_list":["post-163","page","type-page","status-publish","hentry"],"distributor_meta":false,"distributor_terms":false,"distributor_media":false,"distributor_original_site_name":"MMS Radstadt","distributor_original_site_url":"https:\/\/nms-radstadt.salzburg.at\/blog","push-errors":false,"_links":{"self":[{"href":"https:\/\/nms-radstadt.salzburg.at\/blog\/wp-json\/wp\/v2\/pages\/163","targetHints":{"allow":["GET"]}}],"collection":[{"href":"https:\/\/nms-radstadt.salzburg.at\/blog\/wp-json\/wp\/v2\/pages"}],"about":[{"href":"https:\/\/nms-radstadt.salzburg.at\/blog\/wp-json\/wp\/v2\/types\/page"}],"author":[{"embeddable":true,"href":"https:\/\/nms-radstadt.salzburg.at\/blog\/wp-json\/wp\/v2\/users\/1"}],"replies":[{"embeddable":true,"href":"https:\/\/nms-radstadt.salzburg.at\/blog\/wp-json\/wp\/v2\/comments?post=163"}],"version-history":[{"count":3,"href":"https:\/\/nms-radstadt.salzburg.at\/blog\/wp-json\/wp\/v2\/pages\/163\/revisions"}],"predecessor-version":[{"id":5860,"href":"https:\/\/nms-radstadt.salzburg.at\/blog\/wp-json\/wp\/v2\/pages\/163\/revisions\/5860"}],"wp:attachment":[{"href":"https:\/\/nms-radstadt.salzburg.at\/blog\/wp-json\/wp\/v2\/media?parent=163"}],"curies":[{"name":"wp","href":"https:\/\/api.w.org\/{rel}","templated":true}]}}